{"id":1331,"date":"2006-12-04T10:07:06","date_gmt":"2006-12-04T09:07:06","guid":{"rendered":"http:\/\/www.photoethistoire.eu\/14-18\/?page_id=1331"},"modified":"2016-04-19T08:51:26","modified_gmt":"2016-04-19T07:51:26","slug":"avant-propos","status":"publish","type":"page","link":"https:\/\/www.photoethistoire.eu\/14-18\/avant-propos\/","title":{"rendered":"Avant propos"},"content":{"rendered":"<p>Ce blog est \u00e0 but non lucratif et il ne pr\u00e9tend en aucun cas \u00eatre une r\u00e9f\u00e9rence historique. Il n\u2019est pas non plus gouvern\u00e9 par la nostalgie du pass\u00e9.<\/p>\n<p>L\u2019histoire familiale m\u2019a inspir\u00e9 ce travail de m\u00e9moire dont le but consiste simplement \u00e0 honorer la m\u00e9moire d\u2019hommes, et de femmes, acteurs courageux ou victimes innocentes des conflits de 14-18 et 40-45 afin qu\u2019ils ne tombent pas dans l\u2019oubli.<\/p>\n<p><em>\u00ab\u00a0L\u2019accord des m\u00e9chants pour la guerre est plus facile que ne l\u2019est leur entente dans la paix\u00a0\u00bb (Tacite)<\/em><\/p>\n<p><strong>Avertissement amical mais n\u00e9cessaire :\u00a0<\/strong><\/p>\n<p>Le contenu des pages est soumis aux dispositions l\u00e9gales en vigueur concernant les droits d\u2019auteur et de propri\u00e9t\u00e9.<\/p>\n<p>\u2013 Toute personne dont le nom d\u2019un parent pourrait \u00eatre cit\u00e9 ou reprit dans les pages du blog b\u00e9n\u00e9ficie du droit d\u2019acc\u00e8s et de rectification.<\/p>\n<p>\u2013 Toutes les photos du blog ont \u00e9t\u00e9 prises par l\u2019auteur et ne sont pas libres de droits. Il en est de m\u00eame pour tout autre mat\u00e9riel photo contenu dans ces pages et qui nous ont \u00e9t\u00e9 confi\u00e9es par leurs auteurs respectifs.<\/p>\n<p>\u2013 Tous les documents \u00e9crits, photos et cartes-postales d\u2019\u00e9poque font partie de la collection priv\u00e9e de l\u2019auteur. Par respect pour ceux qui les ont \u00e9crits, il n\u2019a \u00e9t\u00e9 proc\u00e9d\u00e9 \u00e0 aucune correction orthographique lors de la transcription des textes.<\/p>\n<p><strong><em>L\u2019auteur de ce blog s\u2019engage \u00e0 retirer imm\u00e9diatement toute photo qui pourrait faire l\u2019objet d\u2019un droit r\u00e9serv\u00e9 ou qui serait jug\u00e9e comme une atteinte \u00e0 la vie priv\u00e9e.<\/em><\/strong><\/p>\n<p align=\"center\"><strong>Ce blog est mis \u00e0 disposition sous contrat Creative Commons.<\/strong><\/p>\n<p>Selon celui-ci pour le contenu:<\/p>\n<div class=\"image_block\"><a href=\"http:\/\/creativecommons.org\/licenses\/by-nc-nd\/2.0\/be\/\"><img loading=\"lazy\" decoding=\"async\" class=\"aligncenter\" title=\"\" src=\"http:\/\/www.photoethistoire.eu\/blogs\/media\/blogs\/b\/creativecommons.png\" alt=\"\" width=\"88\" height=\"31\" \/><\/a><\/div>\n<blockquote><p><em>A l\u2019exception des documents, cartes-postales et photos appartenant \u00e0 l\u2019auteur ainsi que tout autre mat\u00e9riel qui lui a \u00e9t\u00e9 confi\u00e9 (documents, textes, photos, images) qui restent la propri\u00e9t\u00e9 de leurs d\u00e9tenteurs respectifs.<\/em><\/p>\n<p>Le non respect de ces dispositions pourraient entra\u00eener des poursuites.<\/p><\/blockquote>\n","protected":false},"excerpt":{"rendered":"<p>Ce blog est \u00e0 but non lucratif et il ne pr\u00e9tend en aucun cas \u00eatre une r\u00e9f\u00e9rence historique. Il n\u2019est pas non plus gouvern\u00e9 par la nostalgie du pass\u00e9. L\u2019histoire familiale m\u2019a inspir\u00e9 ce travail de m\u00e9moire dont le but &hellip; <a href=\"https:\/\/www.photoethistoire.eu\/14-18\/avant-propos\/\">Lire la suite <span class=\"meta-nav\">&rarr;<\/span><\/a><\/p>\n","protected":false},"author":1,"featured_media":0,"parent":0,"menu_order":0,"comment_status":"closed","ping_status":"closed","template":"","meta":{"footnotes":""},"class_list":["post-1331","page","type-page","status-publish","hentry"],"_links":{"self":[{"href":"https:\/\/www.photoethistoire.eu\/14-18\/wp-json\/wp\/v2\/pages\/1331","targetHints":{"allow":["GET"]}}],"collection":[{"href":"https:\/\/www.photoethistoire.eu\/14-18\/wp-json\/wp\/v2\/pages"}],"about":[{"href":"https:\/\/www.photoethistoire.eu\/14-18\/wp-json\/wp\/v2\/types\/page"}],"author":[{"embeddable":true,"href":"https:\/\/www.photoethistoire.eu\/14-18\/wp-json\/wp\/v2\/users\/1"}],"replies":[{"embeddable":true,"href":"https:\/\/www.photoethistoire.eu\/14-18\/wp-json\/wp\/v2\/comments?post=1331"}],"version-history":[{"count":2,"href":"https:\/\/www.photoethistoire.eu\/14-18\/wp-json\/wp\/v2\/pages\/1331\/revisions"}],"predecessor-version":[{"id":1439,"href":"https:\/\/www.photoethistoire.eu\/14-18\/wp-json\/wp\/v2\/pages\/1331\/revisions\/1439"}],"wp:attachment":[{"href":"https:\/\/www.photoethistoire.eu\/14-18\/wp-json\/wp\/v2\/media?parent=1331"}],"curies":[{"name":"wp","href":"https:\/\/api.w.org\/{rel}","templated":true}]}}