{"id":1435,"date":"2016-04-19T08:45:45","date_gmt":"2016-04-19T07:45:45","guid":{"rendered":"http:\/\/www.photoethistoire.eu\/14-18\/?page_id=1435"},"modified":"2016-04-19T09:11:44","modified_gmt":"2016-04-19T08:11:44","slug":"conseils-de-lecture","status":"publish","type":"page","link":"https:\/\/www.photoethistoire.eu\/14-18\/conseils-de-lecture\/","title":{"rendered":"Conseils de lecture"},"content":{"rendered":"<p><strong>Conseils de lecture<\/strong><\/p>\n<ul>\n<li>Ind\u00e9pendamment de la section c\u2019est dans l\u2019ordre de leur publication que les articles apparaissent.<\/li>\n<\/ul>\n<p><strong>Pour la partie consacr\u00e9e au 403e R\u00e9giment d\u2019Infanterie<\/strong><\/p>\n<ul>\n<li>Dans la section\u00a0<strong>\u00ab\u00a0Secteurs de combats\u00a0\u00bb<\/strong>, les cat\u00e9gories\u00a0sont class\u00e9es dans l\u2019ordre chronologique du parcours du r\u00e9giment. Cependant, dans chacune de ces cat\u00e9gories,\u00a0<strong>c&rsquo;est toujours l&rsquo;\u00e9v\u00e9nement le plus r\u00e9cent qui appara\u00eet en premier.\u00a0<\/strong><\/li>\n<\/ul>\n","protected":false},"excerpt":{"rendered":"<p>Conseils de lecture Ind\u00e9pendamment de la section c\u2019est dans l\u2019ordre de leur publication que les articles apparaissent. Pour la partie consacr\u00e9e au 403e R\u00e9giment d\u2019Infanterie Dans la section\u00a0\u00ab\u00a0Secteurs de combats\u00a0\u00bb, les cat\u00e9gories\u00a0sont class\u00e9es dans l\u2019ordre chronologique du parcours du r\u00e9giment. &hellip; <a href=\"https:\/\/www.photoethistoire.eu\/14-18\/conseils-de-lecture\/\">Lire la suite <span class=\"meta-nav\">&rarr;<\/span><\/a><\/p>\n","protected":false},"author":1,"featured_media":0,"parent":0,"menu_order":0,"comment_status":"closed","ping_status":"closed","template":"","meta":{"footnotes":""},"class_list":["post-1435","page","type-page","status-publish","hentry"],"_links":{"self":[{"href":"https:\/\/www.photoethistoire.eu\/14-18\/wp-json\/wp\/v2\/pages\/1435","targetHints":{"allow":["GET"]}}],"collection":[{"href":"https:\/\/www.photoethistoire.eu\/14-18\/wp-json\/wp\/v2\/pages"}],"about":[{"href":"https:\/\/www.photoethistoire.eu\/14-18\/wp-json\/wp\/v2\/types\/page"}],"author":[{"embeddable":true,"href":"https:\/\/www.photoethistoire.eu\/14-18\/wp-json\/wp\/v2\/users\/1"}],"replies":[{"embeddable":true,"href":"https:\/\/www.photoethistoire.eu\/14-18\/wp-json\/wp\/v2\/comments?post=1435"}],"version-history":[{"count":3,"href":"https:\/\/www.photoethistoire.eu\/14-18\/wp-json\/wp\/v2\/pages\/1435\/revisions"}],"predecessor-version":[{"id":1441,"href":"https:\/\/www.photoethistoire.eu\/14-18\/wp-json\/wp\/v2\/pages\/1435\/revisions\/1441"}],"wp:attachment":[{"href":"https:\/\/www.photoethistoire.eu\/14-18\/wp-json\/wp\/v2\/media?parent=1435"}],"curies":[{"name":"wp","href":"https:\/\/api.w.org\/{rel}","templated":true}]}}